{"id":520,"date":"2023-09-21T03:13:54","date_gmt":"2023-09-21T03:13:54","guid":{"rendered":"https:\/\/eklentimarket.net\/sarachirdavat\/?page_id=520"},"modified":"2023-09-21T03:55:55","modified_gmt":"2023-09-21T03:55:55","slug":"bayi-basvuru-formu","status":"publish","type":"page","link":"https:\/\/wondertools.com.tr\/ru\/bayi-basvuru-formu\/","title":{"rendered":"Bayi Ba\u015fvuru Formu"},"content":{"rendered":"<div data-elementor-type=\"wp-page\" data-elementor-id=\"520\" class=\"elementor elementor-520\">\n\t\t\t\t\t\t\t\t\t<section class=\"elementor-section elementor-top-section elementor-element elementor-element-b4be451 elementor-section-height-min-height elementor-section-boxed elementor-section-height-default elementor-section-items-middle\" data-id=\"b4be451\" data-element_type=\"section\" data-settings=\"{&quot;ekit_has_onepagescroll_dot&quot;:&quot;yes&quot;}\">\n\t\t\t\t\t\t<div class=\"elementor-container elementor-column-gap-default\">\n\t\t\t\t\t<div class=\"elementor-column elementor-col-100 elementor-top-column elementor-element elementor-element-ed48010\" data-id=\"ed48010\" data-element_type=\"column\" data-settings=\"{&quot;background_background&quot;:&quot;classic&quot;}\">\n\t\t\t<div class=\"elementor-widget-wrap elementor-element-populated\">\n\t\t\t\t\t\t\t\t<div class=\"elementor-element elementor-element-f0b3605 elementor-widget elementor-widget-heading\" data-id=\"f0b3605\" data-element_type=\"widget\" data-settings=\"{&quot;ekit_we_effect_on&quot;:&quot;none&quot;}\" data-widget_type=\"heading.default\">\n\t\t\t\t<div class=\"elementor-widget-container\">\n\t\t\t<style>\/*! elementor - v3.17.0 - 25-10-2023 *\/\n.elementor-heading-title{padding:0;margin:0;line-height:1}.elementor-widget-heading .elementor-heading-title[class*=elementor-size-]>a{color:inherit;font-size:inherit;line-height:inherit}.elementor-widget-heading .elementor-heading-title.elementor-size-small{font-size:15px}.elementor-widget-heading .elementor-heading-title.elementor-size-medium{font-size:19px}.elementor-widget-heading .elementor-heading-title.elementor-size-large{font-size:29px}.elementor-widget-heading .elementor-heading-title.elementor-size-xl{font-size:39px}.elementor-widget-heading .elementor-heading-title.elementor-size-xxl{font-size:59px}<\/style><h2 class=\"elementor-heading-title elementor-size-default\">Bayi Ba\u015fvuru Formu<\/h2>\t\t<\/div>\n\t\t\t\t<\/div>\n\t\t\t\t<div class=\"elementor-element elementor-element-18ed766 elementor-button-align-stretch elementor-widget elementor-widget-form\" data-id=\"18ed766\" data-element_type=\"widget\" data-settings=\"{&quot;button_width&quot;:&quot;20&quot;,&quot;step_next_label&quot;:&quot;Next&quot;,&quot;step_previous_label&quot;:&quot;Previous&quot;,&quot;step_type&quot;:&quot;number_text&quot;,&quot;step_icon_shape&quot;:&quot;circle&quot;,&quot;ekit_we_effect_on&quot;:&quot;none&quot;}\" data-widget_type=\"form.default\">\n\t\t\t\t<div class=\"elementor-widget-container\">\n\t\t\t<style>\/*! elementor-pro - v3.13.1 - 11-05-2023 *\/\n.elementor-button.elementor-hidden,.elementor-hidden{display:none}.e-form__step{width:100%}.e-form__step:not(.elementor-hidden){display:flex;flex-wrap:wrap}.e-form__buttons{flex-wrap:wrap}.e-form__buttons,.e-form__buttons__wrapper{display:flex}.e-form__indicators{display:flex;justify-content:space-between;align-items:center;flex-wrap:nowrap;font-size:13px;margin-bottom:var(--e-form-steps-indicators-spacing)}.e-form__indicators__indicator{display:flex;flex-direction:column;align-items:center;justify-content:center;flex-basis:0;padding:0 var(--e-form-steps-divider-gap)}.e-form__indicators__indicator__progress{width:100%;position:relative;background-color:var(--e-form-steps-indicator-progress-background-color);border-radius:var(--e-form-steps-indicator-progress-border-radius);overflow:hidden}.e-form__indicators__indicator__progress__meter{width:var(--e-form-steps-indicator-progress-meter-width,0);height:var(--e-form-steps-indicator-progress-height);line-height:var(--e-form-steps-indicator-progress-height);padding-right:15px;border-radius:var(--e-form-steps-indicator-progress-border-radius);background-color:var(--e-form-steps-indicator-progress-color);color:var(--e-form-steps-indicator-progress-meter-color);text-align:right;transition:width .1s linear}.e-form__indicators__indicator:first-child{padding-left:0}.e-form__indicators__indicator:last-child{padding-right:0}.e-form__indicators__indicator--state-inactive{color:var(--e-form-steps-indicator-inactive-primary-color,#c2cbd2)}.e-form__indicators__indicator--state-inactive [class*=indicator--shape-]:not(.e-form__indicators__indicator--shape-none){background-color:var(--e-form-steps-indicator-inactive-secondary-color,#fff)}.e-form__indicators__indicator--state-inactive object,.e-form__indicators__indicator--state-inactive svg{fill:var(--e-form-steps-indicator-inactive-primary-color,#c2cbd2)}.e-form__indicators__indicator--state-active{color:var(--e-form-steps-indicator-active-primary-color,#39b54a);border-color:var(--e-form-steps-indicator-active-secondary-color,#fff)}.e-form__indicators__indicator--state-active [class*=indicator--shape-]:not(.e-form__indicators__indicator--shape-none){background-color:var(--e-form-steps-indicator-active-secondary-color,#fff)}.e-form__indicators__indicator--state-active object,.e-form__indicators__indicator--state-active svg{fill:var(--e-form-steps-indicator-active-primary-color,#39b54a)}.e-form__indicators__indicator--state-completed{color:var(--e-form-steps-indicator-completed-secondary-color,#fff)}.e-form__indicators__indicator--state-completed [class*=indicator--shape-]:not(.e-form__indicators__indicator--shape-none){background-color:var(--e-form-steps-indicator-completed-primary-color,#39b54a)}.e-form__indicators__indicator--state-completed .e-form__indicators__indicator__label{color:var(--e-form-steps-indicator-completed-primary-color,#39b54a)}.e-form__indicators__indicator--state-completed .e-form__indicators__indicator--shape-none{color:var(--e-form-steps-indicator-completed-primary-color,#39b54a);background-color:initial}.e-form__indicators__indicator--state-completed object,.e-form__indicators__indicator--state-completed svg{fill:var(--e-form-steps-indicator-completed-secondary-color,#fff)}.e-form__indicators__indicator__icon{width:var(--e-form-steps-indicator-padding,30px);height:var(--e-form-steps-indicator-padding,30px);font-size:var(--e-form-steps-indicator-icon-size);border-width:1px;border-style:solid;display:flex;justify-content:center;align-items:center;overflow:hidden;margin-bottom:10px}.e-form__indicators__indicator__icon img,.e-form__indicators__indicator__icon object,.e-form__indicators__indicator__icon svg{width:var(--e-form-steps-indicator-icon-size);height:auto}.e-form__indicators__indicator__icon .e-font-icon-svg{height:1em}.e-form__indicators__indicator__number{width:var(--e-form-steps-indicator-padding,30px);height:var(--e-form-steps-indicator-padding,30px);border-width:1px;border-style:solid;display:flex;justify-content:center;align-items:center;margin-bottom:10px}.e-form__indicators__indicator--shape-circle{border-radius:50%}.e-form__indicators__indicator--shape-square{border-radius:0}.e-form__indicators__indicator--shape-rounded{border-radius:5px}.e-form__indicators__indicator--shape-none{border:0}.e-form__indicators__indicator__label{text-align:center}.e-form__indicators__indicator__separator{width:100%;height:var(--e-form-steps-divider-width);background-color:#babfc5}.e-form__indicators--type-icon,.e-form__indicators--type-icon_text,.e-form__indicators--type-number,.e-form__indicators--type-number_text{align-items:flex-start}.e-form__indicators--type-icon .e-form__indicators__indicator__separator,.e-form__indicators--type-icon_text .e-form__indicators__indicator__separator,.e-form__indicators--type-number .e-form__indicators__indicator__separator,.e-form__indicators--type-number_text .e-form__indicators__indicator__separator{margin-top:calc(var(--e-form-steps-indicator-padding, 30px) \/ 2 - var(--e-form-steps-divider-width, 1px) \/ 2)}.elementor-field-type-hidden{display:none}.elementor-field-type-html{display:inline-block}.elementor-login .elementor-lost-password,.elementor-login .elementor-remember-me{font-size:.85em}.elementor-field-type-recaptcha_v3 .elementor-field-label{display:none}.elementor-field-type-recaptcha_v3 .grecaptcha-badge{z-index:1}.elementor-button .elementor-form-spinner{order:3}.elementor-form .elementor-button>span{display:flex;justify-content:center;align-items:center}.elementor-form .elementor-button .elementor-button-text{white-space:normal;flex-grow:0}.elementor-form .elementor-button svg{height:auto}.elementor-form .elementor-button .e-font-icon-svg{height:1em}.elementor-select-wrapper .select-caret-down-wrapper{position:absolute;top:50%;transform:translateY(-50%);inset-inline-end:10px;pointer-events:none;font-size:11px}.elementor-select-wrapper .select-caret-down-wrapper svg{display:unset;width:1em;aspect-ratio:unset;fill:currentColor}.elementor-select-wrapper .select-caret-down-wrapper i{font-size:19px;line-height:2}.elementor-select-wrapper.remove-before:before{content:\"\"!important}<\/style>\t\t<form class=\"elementor-form\" method=\"post\" name=\"New Form\" action=\"\">\n\t\t\t<input type=\"hidden\" name=\"post_id\" value=\"520\"\/>\n\t\t\t<input type=\"hidden\" name=\"form_id\" value=\"18ed766\"\/>\n\t\t\t<input type=\"hidden\" name=\"referer_title\" value=\"\" \/>\n\n\t\t\t\n\t\t\t<div class=\"elementor-form-fields-wrapper elementor-labels-above\">\n\t\t\t\t\t\t\t\t<div class=\"elementor-field-type-text elementor-field-group elementor-column elementor-field-group-name elementor-col-50 elementor-field-required\">\n\t\t\t\t\t\t\t\t\t\t\t\t<label for=\"form-field-name\" class=\"elementor-field-label\">\n\t\t\t\t\t\t\t\tFirma \u00dcnvan\u0131\t\t\t\t\t\t\t<\/label>\n\t\t\t\t\t\t\t\t\t\t\t\t\t\t<input size=\"1\" type=\"text\" name=\"form_fields[name]\" id=\"form-field-name\" class=\"elementor-field elementor-size-sm  elementor-field-textual\" required=\"required\" aria-required=\"true\">\n\t\t\t\t\t\t\t\t\t\t\t<\/div>\n\t\t\t\t\t\t\t\t<div class=\"elementor-field-type-text elementor-field-group elementor-column elementor-field-group-field_5c20f64 elementor-col-50 elementor-field-required\">\n\t\t\t\t\t\t\t\t\t\t\t\t<label for=\"form-field-field_5c20f64\" class=\"elementor-field-label\">\n\t\t\t\t\t\t\t\tYetkili Ad\u0131 Soyad\u0131\t\t\t\t\t\t\t<\/label>\n\t\t\t\t\t\t\t\t\t\t\t\t\t\t<input size=\"1\" type=\"text\" name=\"form_fields[field_5c20f64]\" id=\"form-field-field_5c20f64\" class=\"elementor-field elementor-size-sm  elementor-field-textual\" required=\"required\" aria-required=\"true\">\n\t\t\t\t\t\t\t\t\t\t\t<\/div>\n\t\t\t\t\t\t\t\t<div class=\"elementor-field-type-email elementor-field-group elementor-column elementor-field-group-email elementor-col-33 elementor-field-required\">\n\t\t\t\t\t\t\t\t\t\t\t\t<label for=\"form-field-email\" class=\"elementor-field-label\">\n\t\t\t\t\t\t\t\tE-posta Adresi\t\t\t\t\t\t\t<\/label>\n\t\t\t\t\t\t\t\t\t\t\t\t\t\t<input size=\"1\" type=\"email\" name=\"form_fields[email]\" id=\"form-field-email\" class=\"elementor-field elementor-size-sm  elementor-field-textual\" required=\"required\" aria-required=\"true\">\n\t\t\t\t\t\t\t\t\t\t\t<\/div>\n\t\t\t\t\t\t\t\t<div class=\"elementor-field-type-tel elementor-field-group elementor-column elementor-field-group-field_2965362 elementor-col-33\">\n\t\t\t\t\t\t\t\t\t\t\t\t<label for=\"form-field-field_2965362\" class=\"elementor-field-label\">\n\t\t\t\t\t\t\t\tTelefon(\u0130\u015f)\t\t\t\t\t\t\t<\/label>\n\t\t\t\t\t\t\t\t<input size=\"1\" type=\"tel\" name=\"form_fields[field_2965362]\" id=\"form-field-field_2965362\" class=\"elementor-field elementor-size-sm  elementor-field-textual\" pattern=\"[0-9()#&amp;+*-=.]+\" title=\"Only numbers and phone characters (#, -, *, etc) are accepted.\">\n\n\t\t\t\t\t\t<\/div>\n\t\t\t\t\t\t\t\t<div class=\"elementor-field-type-tel elementor-field-group elementor-column elementor-field-group-field_3df7a20 elementor-col-33\">\n\t\t\t\t\t\t\t\t\t\t\t\t<label for=\"form-field-field_3df7a20\" class=\"elementor-field-label\">\n\t\t\t\t\t\t\t\tTelefon(Mobil)\t\t\t\t\t\t\t<\/label>\n\t\t\t\t\t\t\t\t<input size=\"1\" type=\"tel\" name=\"form_fields[field_3df7a20]\" id=\"form-field-field_3df7a20\" class=\"elementor-field elementor-size-sm  elementor-field-textual\" pattern=\"[0-9()#&amp;+*-=.]+\" title=\"Only numbers and phone characters (#, -, *, etc) are accepted.\">\n\n\t\t\t\t\t\t<\/div>\n\t\t\t\t\t\t\t\t<div class=\"elementor-field-type-select elementor-field-group elementor-column elementor-field-group-field_e43dcd2 elementor-col-33\">\n\t\t\t\t\t\t\t\t\t\t\t\t<label for=\"form-field-field_e43dcd2\" class=\"elementor-field-label\">\n\t\t\t\t\t\t\t\t\u041f\u0440\u043e\u0432\u0438\u043d\u0446\u0438\u044f\t\t\t\t\t\t\t<\/label>\n\t\t\t\t\t\t\t\t<div class=\"elementor-field elementor-select-wrapper remove-before\">\n\t\t\t<div class=\"select-caret-down-wrapper\">\n\t\t\t\t<i aria-hidden=\"true\" class=\"eicon-caret-down\"><\/i>\t\t\t<\/div>\n\t\t\t<select name=\"form_fields[field_e43dcd2]\" id=\"form-field-field_e43dcd2\" class=\"elementor-field-textual elementor-size-sm\">\n\t\t\t\t\t\t\t\t\t<option value=\"ADANA\">ADANA<\/option>\n\t\t\t\t\t\t\t\t\t<option value=\"ADIYAMAN\">ADIYAMAN<\/option>\n\t\t\t\t\t\t\t\t\t<option value=\"AFYONKARAH\u0130SAR\">AFYONKARAH\u0130SAR<\/option>\n\t\t\t\t\t\t\t\t\t<option value=\"A\u011eRI\">A\u011eRI<\/option>\n\t\t\t\t\t\t\t\t\t<option value=\"AMASYA\">AMASYA<\/option>\n\t\t\t\t\t\t\t\t\t<option value=\"ANKARA\">ANKARA<\/option>\n\t\t\t\t\t\t\t\t\t<option value=\"ANTALYA\">ANTALYA<\/option>\n\t\t\t\t\t\t\t\t\t<option value=\"ARTV\u0130N\">ARTV\u0130N<\/option>\n\t\t\t\t\t\t\t\t\t<option value=\"AYDIN\">AYDIN<\/option>\n\t\t\t\t\t\t\t\t\t<option value=\"BALIKES\u0130R\">BALIKES\u0130R<\/option>\n\t\t\t\t\t\t\t\t\t<option value=\"B\u0130LEC\u0130K\">B\u0130LEC\u0130K<\/option>\n\t\t\t\t\t\t\t\t\t<option value=\"B\u0130NG\u00d6L\">B\u0130NG\u00d6L<\/option>\n\t\t\t\t\t\t\t\t\t<option value=\"B\u0130TL\u0130S\">B\u0130TL\u0130S<\/option>\n\t\t\t\t\t\t\t\t\t<option value=\"BOLU\">BOLU<\/option>\n\t\t\t\t\t\t\t\t\t<option value=\"BURDUR\">BURDUR<\/option>\n\t\t\t\t\t\t\t\t\t<option value=\"BURSA\">BURSA<\/option>\n\t\t\t\t\t\t\t\t\t<option value=\"\u00c7ANAKKALE\">\u00c7ANAKKALE<\/option>\n\t\t\t\t\t\t\t\t\t<option value=\"\u00c7ANKIRI\">\u00c7ANKIRI<\/option>\n\t\t\t\t\t\t\t\t\t<option value=\"\u00c7ORUM\">\u00c7ORUM<\/option>\n\t\t\t\t\t\t\t\t\t<option value=\"DEN\u0130ZL\u0130\">DEN\u0130ZL\u0130<\/option>\n\t\t\t\t\t\t\t\t\t<option value=\"D\u0130YARBAKIR\">D\u0130YARBAKIR<\/option>\n\t\t\t\t\t\t\t\t\t<option value=\"ED\u0130RNE\">ED\u0130RNE<\/option>\n\t\t\t\t\t\t\t\t\t<option value=\"ELAZI\u011e\">ELAZI\u011e<\/option>\n\t\t\t\t\t\t\t\t\t<option value=\"ERZ\u0130NCAN\">ERZ\u0130NCAN<\/option>\n\t\t\t\t\t\t\t\t\t<option value=\"ERZURUM\">ERZURUM<\/option>\n\t\t\t\t\t\t\t\t\t<option value=\"ESK\u0130\u015eEH\u0130R\">ESK\u0130\u015eEH\u0130R<\/option>\n\t\t\t\t\t\t\t\t\t<option value=\"GAZ\u0130ANTEP\">GAZ\u0130ANTEP<\/option>\n\t\t\t\t\t\t\t\t\t<option value=\"G\u0130RESUN\">G\u0130RESUN<\/option>\n\t\t\t\t\t\t\t\t\t<option value=\"G\u00dcM\u00dc\u015eHANE\">G\u00dcM\u00dc\u015eHANE<\/option>\n\t\t\t\t\t\t\t\t\t<option value=\"HAKKAR\u0130\">HAKKAR\u0130<\/option>\n\t\t\t\t\t\t\t\t\t<option value=\"HATAY\">HATAY<\/option>\n\t\t\t\t\t\t\t\t\t<option value=\"ISPARTA\">ISPARTA<\/option>\n\t\t\t\t\t\t\t\t\t<option value=\"MERS\u0130N\">MERS\u0130N<\/option>\n\t\t\t\t\t\t\t\t\t<option value=\"\u0130STANBUL\">\u0130STANBUL<\/option>\n\t\t\t\t\t\t\t\t\t<option value=\"\u0130ZM\u0130R\">\u0130ZM\u0130R<\/option>\n\t\t\t\t\t\t\t\t\t<option value=\"KARS\">KARS<\/option>\n\t\t\t\t\t\t\t\t\t<option value=\"KASTAMONU\">KASTAMONU<\/option>\n\t\t\t\t\t\t\t\t\t<option value=\"KAYSER\u0130\">KAYSER\u0130<\/option>\n\t\t\t\t\t\t\t\t\t<option value=\"KIRKLAREL\u0130\">KIRKLAREL\u0130<\/option>\n\t\t\t\t\t\t\t\t\t<option value=\"KIR\u015eEH\u0130R\">KIR\u015eEH\u0130R<\/option>\n\t\t\t\t\t\t\t\t\t<option value=\"KOCAEL\u0130 (\u0130ZM\u0130T)\">KOCAEL\u0130 (\u0130ZM\u0130T)<\/option>\n\t\t\t\t\t\t\t\t\t<option value=\"KONYA\">KONYA<\/option>\n\t\t\t\t\t\t\t\t\t<option value=\"K\u00dcTAHYA\">K\u00dcTAHYA<\/option>\n\t\t\t\t\t\t\t\t\t<option value=\"MALATYA\">MALATYA<\/option>\n\t\t\t\t\t\t\t\t\t<option value=\"MAN\u0130SA\">MAN\u0130SA<\/option>\n\t\t\t\t\t\t\t\t\t<option value=\"KAHRAMANMARA\u015e\">KAHRAMANMARA\u015e<\/option>\n\t\t\t\t\t\t\t\t\t<option value=\"MARD\u0130N\">MARD\u0130N<\/option>\n\t\t\t\t\t\t\t\t\t<option value=\"MU\u011eLA\">MU\u011eLA<\/option>\n\t\t\t\t\t\t\t\t\t<option value=\"MU\u015e\">MU\u015e<\/option>\n\t\t\t\t\t\t\t\t\t<option value=\"NEV\u015eEH\u0130R\">NEV\u015eEH\u0130R<\/option>\n\t\t\t\t\t\t\t\t\t<option value=\"N\u0130\u011eDE\">N\u0130\u011eDE<\/option>\n\t\t\t\t\t\t\t\t\t<option value=\"ORDU\">ORDU<\/option>\n\t\t\t\t\t\t\t\t\t<option value=\"R\u0130ZE\">R\u0130ZE<\/option>\n\t\t\t\t\t\t\t\t\t<option value=\"SAKARYA (ADAPAZARI)\">SAKARYA (ADAPAZARI)<\/option>\n\t\t\t\t\t\t\t\t\t<option value=\"SAMSUN\">SAMSUN<\/option>\n\t\t\t\t\t\t\t\t\t<option value=\"S\u0130\u0130RT\">S\u0130\u0130RT<\/option>\n\t\t\t\t\t\t\t\t\t<option value=\"S\u0130NOP\">S\u0130NOP<\/option>\n\t\t\t\t\t\t\t\t\t<option value=\"S\u0130VAS\">S\u0130VAS<\/option>\n\t\t\t\t\t\t\t\t\t<option value=\"TEK\u0130RDA\u011e\">TEK\u0130RDA\u011e<\/option>\n\t\t\t\t\t\t\t\t\t<option value=\"TOKAT\">TOKAT<\/option>\n\t\t\t\t\t\t\t\t\t<option value=\"TRABZON\">TRABZON<\/option>\n\t\t\t\t\t\t\t\t\t<option value=\"TUNCEL\u0130\">TUNCEL\u0130<\/option>\n\t\t\t\t\t\t\t\t\t<option value=\"\u015eANLIURFA\">\u015eANLIURFA<\/option>\n\t\t\t\t\t\t\t\t\t<option value=\"U\u015eAK\">U\u015eAK<\/option>\n\t\t\t\t\t\t\t\t\t<option value=\"VAN\">VAN<\/option>\n\t\t\t\t\t\t\t\t\t<option value=\"YOZGAT\">YOZGAT<\/option>\n\t\t\t\t\t\t\t\t\t<option value=\"ZONGULDAK\">ZONGULDAK<\/option>\n\t\t\t\t\t\t\t\t\t<option value=\"AKSARAY\">AKSARAY<\/option>\n\t\t\t\t\t\t\t\t\t<option value=\"BAYBURT\">BAYBURT<\/option>\n\t\t\t\t\t\t\t\t\t<option value=\"KARAMAN\">KARAMAN<\/option>\n\t\t\t\t\t\t\t\t\t<option value=\"KIRIKKALE\">KIRIKKALE<\/option>\n\t\t\t\t\t\t\t\t\t<option value=\"BATMAN\">BATMAN<\/option>\n\t\t\t\t\t\t\t\t\t<option value=\"\u015eIRNAK\">\u015eIRNAK<\/option>\n\t\t\t\t\t\t\t\t\t<option value=\"BARTIN\">BARTIN<\/option>\n\t\t\t\t\t\t\t\t\t<option value=\"ARDAHAN\">ARDAHAN<\/option>\n\t\t\t\t\t\t\t\t\t<option value=\"I\u011eDIR\">I\u011eDIR<\/option>\n\t\t\t\t\t\t\t\t\t<option value=\"YALOVA\">YALOVA<\/option>\n\t\t\t\t\t\t\t\t\t<option value=\"KARAB\u00dcK\">KARAB\u00dcK<\/option>\n\t\t\t\t\t\t\t\t\t<option value=\"K\u0130L\u0130S\">K\u0130L\u0130S<\/option>\n\t\t\t\t\t\t\t\t\t<option value=\"OSMAN\u0130YE\">OSMAN\u0130YE<\/option>\n\t\t\t\t\t\t\t\t\t<option value=\"D\u00dcZCE\">D\u00dcZCE<\/option>\n\t\t\t\t\t\t\t<\/select>\n\t\t<\/div>\n\t\t\t\t\t\t<\/div>\n\t\t\t\t\t\t\t\t<div class=\"elementor-field-type-text elementor-field-group elementor-column elementor-field-group-field_748c61b elementor-col-33\">\n\t\t\t\t\t\t\t\t\t\t\t\t<label for=\"form-field-field_748c61b\" class=\"elementor-field-label\">\n\t\t\t\t\t\t\t\t\u041e\u043a\u0440\u0443\u0433\t\t\t\t\t\t\t<\/label>\n\t\t\t\t\t\t\t\t\t\t\t\t\t\t<input size=\"1\" type=\"text\" name=\"form_fields[field_748c61b]\" id=\"form-field-field_748c61b\" class=\"elementor-field elementor-size-sm  elementor-field-textual\">\n\t\t\t\t\t\t\t\t\t\t\t<\/div>\n\t\t\t\t\t\t\t\t<div class=\"elementor-field-type-text elementor-field-group elementor-column elementor-field-group-field_20da53c elementor-col-33\">\n\t\t\t\t\t\t\t\t\t\t\t\t<label for=\"form-field-field_20da53c\" class=\"elementor-field-label\">\n\t\t\t\t\t\t\t\t\u0410\u0434\u0440\u0435\u0441\t\t\t\t\t\t\t<\/label>\n\t\t\t\t\t\t\t\t\t\t\t\t\t\t<input size=\"1\" type=\"text\" name=\"form_fields[field_20da53c]\" id=\"form-field-field_20da53c\" class=\"elementor-field elementor-size-sm  elementor-field-textual\">\n\t\t\t\t\t\t\t\t\t\t\t<\/div>\n\t\t\t\t\t\t\t\t<div class=\"elementor-field-type-text elementor-field-group elementor-column elementor-field-group-field_33a6ab8 elementor-col-33\">\n\t\t\t\t\t\t\t\t\t\t\t\t<label for=\"form-field-field_33a6ab8\" class=\"elementor-field-label\">\n\t\t\t\t\t\t\t\t\u041d\u0430\u043b\u043e\u0433\u043e\u0432\u0430\u044f \u0430\u0434\u043c\u0438\u043d\u0438\u0441\u0442\u0440\u0430\u0446\u0438\u044f\t\t\t\t\t\t\t<\/label>\n\t\t\t\t\t\t\t\t\t\t\t\t\t\t<input size=\"1\" type=\"text\" name=\"form_fields[field_33a6ab8]\" id=\"form-field-field_33a6ab8\" class=\"elementor-field elementor-size-sm  elementor-field-textual\">\n\t\t\t\t\t\t\t\t\t\t\t<\/div>\n\t\t\t\t\t\t\t\t<div class=\"elementor-field-type-text elementor-field-group elementor-column elementor-field-group-field_77b5282 elementor-col-33\">\n\t\t\t\t\t\t\t\t\t\t\t\t<label for=\"form-field-field_77b5282\" class=\"elementor-field-label\">\n\t\t\t\t\t\t\t\tVergi Numaras\u0131\t\t\t\t\t\t\t<\/label>\n\t\t\t\t\t\t\t\t\t\t\t\t\t\t<input size=\"1\" type=\"text\" name=\"form_fields[field_77b5282]\" id=\"form-field-field_77b5282\" class=\"elementor-field elementor-size-sm  elementor-field-textual\">\n\t\t\t\t\t\t\t\t\t\t\t<\/div>\n\t\t\t\t\t\t\t\t<div class=\"elementor-field-type-acceptance elementor-field-group elementor-column elementor-field-group-field_e11c013 elementor-col-100\">\n\t\t\t\t\t\t\t<div class=\"elementor-field-subgroup\">\n\t\t\t<span class=\"elementor-field-option\">\n\t\t\t\t<input type=\"checkbox\" name=\"form_fields[field_e11c013]\" id=\"form-field-field_e11c013\" class=\"elementor-field elementor-size-sm  elementor-acceptance-field\">\n\t\t\t\t<label for=\"form-field-field_e11c013\"><a style=\"color:black\" href=\"#\"> Hizmet s\u00f6zle\u015fmesini <\/a> okudum, onayl\u0131yorum.<\/label>\t\t\t<\/span>\n\t\t<\/div>\n\t\t\t\t\t\t<\/div>\n\t\t\t\t\t\t\t\t<div class=\"elementor-field-group elementor-column elementor-field-type-submit elementor-col-20 e-form__buttons\">\n\t\t\t\t\t<button type=\"submit\" class=\"elementor-button elementor-size-sm\">\n\t\t\t\t\t\t<span >\n\t\t\t\t\t\t\t\t\t\t\t\t\t\t\t<span class=\"elementor-button-icon\">\n\t\t\t\t\t\t\t\t\t\t\t\t\t\t\t\t\t\t\t\t\t\t\t\t\t\t<\/span>\n\t\t\t\t\t\t\t\t\t\t\t\t\t\t\t\t\t\t\t\t\t\t<span class=\"elementor-button-text\">G\u00f6nder<\/span>\n\t\t\t\t\t\t\t\t\t\t\t\t\t<\/span>\n\t\t\t\t\t<\/button>\n\t\t\t\t<\/div>\n\t\t\t<\/div>\n\t\t<input type=\"hidden\" name=\"trp-form-language\" value=\"ru\"\/><\/form>\n\t\t\t\t<\/div>\n\t\t\t\t<\/div>\n\t\t\t\t\t<\/div>\n\t\t<\/div>\n\t\t\t\t\t\t\t<\/div>\n\t\t<\/section>\n\t\t\t\t\t\t\t<\/div>","protected":false},"excerpt":{"rendered":"<p>Bayi Ba\u015fvuru Formu<\/p>","protected":false},"author":1,"featured_media":0,"parent":0,"menu_order":0,"comment_status":"closed","ping_status":"closed","template":"elementor_header_footer","meta":{"footnotes":""},"class_list":["post-520","page","type-page","status-publish","hentry"],"acf":[],"_links":{"self":[{"href":"https:\/\/wondertools.com.tr\/ru\/wp-json\/wp\/v2\/pages\/520","targetHints":{"allow":["GET"]}}],"collection":[{"href":"https:\/\/wondertools.com.tr\/ru\/wp-json\/wp\/v2\/pages"}],"about":[{"href":"https:\/\/wondertools.com.tr\/ru\/wp-json\/wp\/v2\/types\/page"}],"author":[{"embeddable":true,"href":"https:\/\/wondertools.com.tr\/ru\/wp-json\/wp\/v2\/users\/1"}],"replies":[{"embeddable":true,"href":"https:\/\/wondertools.com.tr\/ru\/wp-json\/wp\/v2\/comments?post=520"}],"version-history":[{"count":10,"href":"https:\/\/wondertools.com.tr\/ru\/wp-json\/wp\/v2\/pages\/520\/revisions"}],"predecessor-version":[{"id":531,"href":"https:\/\/wondertools.com.tr\/ru\/wp-json\/wp\/v2\/pages\/520\/revisions\/531"}],"wp:attachment":[{"href":"https:\/\/wondertools.com.tr\/ru\/wp-json\/wp\/v2\/media?parent=520"}],"curies":[{"name":"wp","href":"https:\/\/api.w.org\/{rel}","templated":true}]}}