{"id":1854,"date":"2024-08-22T10:41:23","date_gmt":"2024-08-22T10:41:23","guid":{"rendered":"https:\/\/wondertools.com.tr\/?post_type=product&#038;p=1854"},"modified":"2024-08-22T10:41:23","modified_gmt":"2024-08-22T10:41:23","slug":"wonder-kirici-12kg-1400w-45-jull","status":"publish","type":"product","link":"https:\/\/wondertools.com.tr\/ru\/product\/wonder-kirici-12kg-1400w-45-jull\/","title":{"rendered":"Wonder K\u0131r\u0131c\u0131 12kg 1400W  45 Jull"},"content":{"rendered":"","protected":false},"excerpt":{"rendered":"","protected":false},"featured_media":1855,"comment_status":"open","ping_status":"closed","template":"","meta":[],"product_cat":[120],"product_tag":[],"class_list":["post-1854","product","type-product","status-publish","has-post-thumbnail","hentry","product_cat-kiricilar"],"acf":[],"_links":{"self":[{"href":"https:\/\/wondertools.com.tr\/ru\/wp-json\/wp\/v2\/product\/1854","targetHints":{"allow":["GET"]}}],"collection":[{"href":"https:\/\/wondertools.com.tr\/ru\/wp-json\/wp\/v2\/product"}],"about":[{"href":"https:\/\/wondertools.com.tr\/ru\/wp-json\/wp\/v2\/types\/product"}],"replies":[{"embeddable":true,"href":"https:\/\/wondertools.com.tr\/ru\/wp-json\/wp\/v2\/comments?post=1854"}],"wp:featuredmedia":[{"embeddable":true,"href":"https:\/\/wondertools.com.tr\/ru\/wp-json\/wp\/v2\/media\/1855"}],"wp:attachment":[{"href":"https:\/\/wondertools.com.tr\/ru\/wp-json\/wp\/v2\/media?parent=1854"}],"wp:term":[{"taxonomy":"product_cat","embeddable":true,"href":"https:\/\/wondertools.com.tr\/ru\/wp-json\/wp\/v2\/product_cat?post=1854"},{"taxonomy":"product_tag","embeddable":true,"href":"https:\/\/wondertools.com.tr\/ru\/wp-json\/wp\/v2\/product_tag?post=1854"}],"curies":[{"name":"wp","href":"https:\/\/api.w.org\/{rel}","templated":true}]}}