{"id":1857,"date":"2024-09-16T13:26:39","date_gmt":"2024-09-16T13:26:39","guid":{"rendered":"https:\/\/wondertools.com.tr\/?post_type=product&#038;p=1857"},"modified":"2024-09-16T13:31:18","modified_gmt":"2024-09-16T13:31:18","slug":"wonder-wlo0302k-lazer-hizalama-iki-cizgi-kirmizi-3-7v-5200-ah","status":"publish","type":"product","link":"https:\/\/wondertools.com.tr\/ru\/product\/wonder-wlo0302k-lazer-hizalama-iki-cizgi-kirmizi-3-7v-5200-ah\/","title":{"rendered":"Wonder Lazer Hizalama \u0130ki \u00c7izgi K\u0131rm\u0131z\u0131 3.7V.5200 Ah"},"content":{"rendered":"","protected":false},"excerpt":{"rendered":"","protected":false},"featured_media":1858,"comment_status":"open","ping_status":"closed","template":"","meta":[],"product_cat":[123,142],"product_tag":[],"class_list":["post-1857","product","type-product","status-publish","has-post-thumbnail","hentry","product_cat-el-aletleri","product_cat-lazer-hizalamalar"],"acf":[],"_links":{"self":[{"href":"https:\/\/wondertools.com.tr\/ru\/wp-json\/wp\/v2\/product\/1857","targetHints":{"allow":["GET"]}}],"collection":[{"href":"https:\/\/wondertools.com.tr\/ru\/wp-json\/wp\/v2\/product"}],"about":[{"href":"https:\/\/wondertools.com.tr\/ru\/wp-json\/wp\/v2\/types\/product"}],"replies":[{"embeddable":true,"href":"https:\/\/wondertools.com.tr\/ru\/wp-json\/wp\/v2\/comments?post=1857"}],"wp:featuredmedia":[{"embeddable":true,"href":"https:\/\/wondertools.com.tr\/ru\/wp-json\/wp\/v2\/media\/1858"}],"wp:attachment":[{"href":"https:\/\/wondertools.com.tr\/ru\/wp-json\/wp\/v2\/media?parent=1857"}],"wp:term":[{"taxonomy":"product_cat","embeddable":true,"href":"https:\/\/wondertools.com.tr\/ru\/wp-json\/wp\/v2\/product_cat?post=1857"},{"taxonomy":"product_tag","embeddable":true,"href":"https:\/\/wondertools.com.tr\/ru\/wp-json\/wp\/v2\/product_tag?post=1857"}],"curies":[{"name":"wp","href":"https:\/\/api.w.org\/{rel}","templated":true}]}}