{"id":1862,"date":"2024-09-16T13:58:24","date_gmt":"2024-09-16T13:58:24","guid":{"rendered":"https:\/\/wondertools.com.tr\/?post_type=product&#038;p=1862"},"modified":"2024-09-16T13:58:24","modified_gmt":"2024-09-16T13:58:24","slug":"wonder-lazer-hizalama-iki-cizgi-kirmizi-3-7v-2200-ah","status":"publish","type":"product","link":"https:\/\/wondertools.com.tr\/ru\/product\/wonder-lazer-hizalama-iki-cizgi-kirmizi-3-7v-2200-ah\/","title":{"rendered":"Wonder Lazer Hizalama \u0130ki \u00c7izgi K\u0131rm\u0131z\u0131 3.7V.2200 Ah"},"content":{"rendered":"","protected":false},"excerpt":{"rendered":"","protected":false},"featured_media":1861,"comment_status":"open","ping_status":"closed","template":"","meta":[],"product_cat":[123,142],"product_tag":[],"class_list":["post-1862","product","type-product","status-publish","has-post-thumbnail","hentry","product_cat-el-aletleri","product_cat-lazer-hizalamalar"],"acf":[],"_links":{"self":[{"href":"https:\/\/wondertools.com.tr\/ru\/wp-json\/wp\/v2\/product\/1862","targetHints":{"allow":["GET"]}}],"collection":[{"href":"https:\/\/wondertools.com.tr\/ru\/wp-json\/wp\/v2\/product"}],"about":[{"href":"https:\/\/wondertools.com.tr\/ru\/wp-json\/wp\/v2\/types\/product"}],"replies":[{"embeddable":true,"href":"https:\/\/wondertools.com.tr\/ru\/wp-json\/wp\/v2\/comments?post=1862"}],"wp:featuredmedia":[{"embeddable":true,"href":"https:\/\/wondertools.com.tr\/ru\/wp-json\/wp\/v2\/media\/1861"}],"wp:attachment":[{"href":"https:\/\/wondertools.com.tr\/ru\/wp-json\/wp\/v2\/media?parent=1862"}],"wp:term":[{"taxonomy":"product_cat","embeddable":true,"href":"https:\/\/wondertools.com.tr\/ru\/wp-json\/wp\/v2\/product_cat?post=1862"},{"taxonomy":"product_tag","embeddable":true,"href":"https:\/\/wondertools.com.tr\/ru\/wp-json\/wp\/v2\/product_tag?post=1862"}],"curies":[{"name":"wp","href":"https:\/\/api.w.org\/{rel}","templated":true}]}}